{"id":91,"date":"2019-10-03T07:59:25","date_gmt":"2019-10-03T07:59:25","guid":{"rendered":"http:\/\/saoribienesraices.com\/?page_id=91"},"modified":"2022-07-15T22:18:28","modified_gmt":"2022-07-15T22:18:28","slug":"about-us","status":"publish","type":"page","link":"https:\/\/saoribienesraices.com\/?page_id=91","title":{"rendered":"About Us"},"content":{"rendered":"\t\t<div data-elementor-type=\"wp-page\" data-elementor-id=\"91\" class=\"elementor elementor-91\">\n\t\t\t\t\t\t\t\t\t<section class=\"elementor-section elementor-top-section elementor-element elementor-element-2fc2f7b elementor-section-content-middle elementor-reverse-mobile elementor-section-boxed elementor-section-height-default elementor-section-height-default\" data-id=\"2fc2f7b\" data-element_type=\"section\">\n\t\t\t\t\t\t<div class=\"elementor-container elementor-column-gap-default\">\n\t\t\t\t\t<div class=\"aux-parallax-section elementor-column elementor-col-50 elementor-top-column elementor-element elementor-element-09cb278\" data-id=\"09cb278\" data-element_type=\"column\">\n\t\t\t<div class=\"elementor-widget-wrap elementor-element-populated\">\n\t\t\t\t\t\t\t\t<div class=\"elementor-element elementor-element-5ffebb1 aux-appear-watch-animation aux-fade-in-up elementor-widget elementor-widget-aux_modern_heading\" data-id=\"5ffebb1\" data-element_type=\"widget\" data-widget_type=\"aux_modern_heading.default\">\n\t\t\t\t<div class=\"elementor-widget-container\">\n\t\t\t<section class=\"aux-widget-modern-heading\">\n            <div class=\"aux-widget-inner\"><h2 class=\"aux-modern-heading-primary\">Bienvenidos a Saori Bienes Ra\u00edces<\/h2><h3 class=\"aux-modern-heading-secondary\"><span class=\"aux-head-before\">\u00bfQui\u00e9nes somos?<\/span><\/h3><div class=\"aux-modern-heading-description\"><p>Nuestra CEO la Licenciada Saori Y\u00e1\u00f1ez, es una empresaria apasionada por el mundo inmobiliario. Junto a su incre\u00edble equipo, buscamos convertir los sue\u00f1os en hogar. Logrando transacciones inmobiliarias de manera f\u00e1cil, r\u00e1pida y centr\u00e1ndonos en la experiencia de nuestros clientes.<\/p><\/div><\/div>\n        <\/section>\t\t<\/div>\n\t\t\t\t<\/div>\n\t\t\t\t<div class=\"elementor-element elementor-element-98a493c aux-appear-watch-animation aux-fade-in-up elementor-widget elementor-widget-aux_button\" data-id=\"98a493c\" data-element_type=\"widget\" data-widget_type=\"aux_button.default\">\n\t\t\t\t<div class=\"elementor-widget-container\">\n\t\t\t<a  href=\"https:\/\/wa.me\/5217772538145\" target=\"_self\"   class=\"aux-button aux-medium aux-carmine-pink aux-curve aux-none aux-uppercase\" ><span class=\"aux-overlay\"><\/span><span class=\"aux-text\">\u00a1Cont\u00e1ctanos!<\/span><\/a>\t\t<\/div>\n\t\t\t\t<\/div>\n\t\t\t\t\t<\/div>\n\t\t<\/div>\n\t\t\t\t<div class=\"aux-parallax-section elementor-column elementor-col-50 elementor-top-column elementor-element elementor-element-f80096d\" data-id=\"f80096d\" data-element_type=\"column\">\n\t\t\t<div class=\"elementor-widget-wrap elementor-element-populated\">\n\t\t\t\t\t\t\t\t<div class=\"elementor-element elementor-element-df0e8d5 aux-appear-watch-animation aux-fade-in-down elementor-widget elementor-widget-aux_image\" data-id=\"df0e8d5\" data-element_type=\"widget\" data-widget_type=\"aux_image.default\">\n\t\t\t\t<div class=\"elementor-widget-container\">\n\t\t\t<section class=\"widget-container aux-widget-image aux-alignnone aux-parent-au1029859d\">\n    <div class=\"aux-media-hint-frame \">\n        <div class=\"aux-media-image \" >\n        \n            \n\n            \n            <img loading=\"lazy\" width=\"768\" height=\"768\" src=\"image\/gif;base64,R0lGODlhAQABAIAAAAAAAP\/\/\/yH5BAEAAAAALAAAAAABAAEAAAIBRAA7\" class=\"aux-attachment aux-featured-image aux-attachment-id-1757 aux-preload aux-blank\" alt=\"WhatsApp Image 2022-07-15 at 4.52.04 PM\" data-ratio=\"1\" data-original-w=\"960\" sizes=\"auto\" data-srcset=\"https:\/\/saoribienesraices.com\/wp-content\/uploads\/2022\/07\/WhatsApp-Image-2022-07-15-at-4.52.04-PM-150x150.jpeg 150w,https:\/\/saoribienesraices.com\/wp-content\/uploads\/2022\/07\/WhatsApp-Image-2022-07-15-at-4.52.04-PM-300x300.jpeg 300w,https:\/\/saoribienesraices.com\/wp-content\/uploads\/2022\/07\/WhatsApp-Image-2022-07-15-at-4.52.04-PM-768x768.jpeg 768w,https:\/\/saoribienesraices.com\/wp-content\/uploads\/2022\/07\/WhatsApp-Image-2022-07-15-at-4.52.04-PM.jpeg 768w\" data-src=\"https:\/\/saoribienesraices.com\/wp-content\/uploads\/2022\/07\/WhatsApp-Image-2022-07-15-at-4.52.04-PM.jpeg\" \/>            \n                <\/div>\n    <\/div>\n\n<\/section><!-- widget-container -->\t\t<\/div>\n\t\t\t\t<\/div>\n\t\t\t\t\t<\/div>\n\t\t<\/div>\n\t\t\t\t\t\t\t<\/div>\n\t\t<\/section>\n\t\t\t\t\t\t\t<\/div>\n\t\t","protected":false},"excerpt":{"rendered":"<p>Bienvenidos a Saori Bienes Ra\u00edces \u00bfQui\u00e9nes somos? Nuestra CEO la Licenciada Saori Y\u00e1\u00f1ez, es una empresaria apasionada por el mundo inmobiliario. Junto a su incre\u00edble equipo, buscamos convertir los sue\u00f1os en hogar. Logrando transacciones inmobiliarias de manera f\u00e1cil, r\u00e1pida y centr\u00e1ndonos en la experiencia de nuestros clientes. \u00a1Cont\u00e1ctanos!<\/p>\n","protected":false},"author":1,"featured_media":0,"parent":0,"menu_order":0,"comment_status":"closed","ping_status":"closed","template":"templates\/page-builder-content.php","meta":{"om_disable_all_campaigns":false,"_monsterinsights_skip_tracking":false,"_monsterinsights_sitenote_active":false,"_monsterinsights_sitenote_note":"","_monsterinsights_sitenote_category":0},"aioseo_notices":[],"_links":{"self":[{"href":"https:\/\/saoribienesraices.com\/index.php?rest_route=\/wp\/v2\/pages\/91"}],"collection":[{"href":"https:\/\/saoribienesraices.com\/index.php?rest_route=\/wp\/v2\/pages"}],"about":[{"href":"https:\/\/saoribienesraices.com\/index.php?rest_route=\/wp\/v2\/types\/page"}],"author":[{"embeddable":true,"href":"https:\/\/saoribienesraices.com\/index.php?rest_route=\/wp\/v2\/users\/1"}],"replies":[{"embeddable":true,"href":"https:\/\/saoribienesraices.com\/index.php?rest_route=%2Fwp%2Fv2%2Fcomments&post=91"}],"version-history":[{"count":24,"href":"https:\/\/saoribienesraices.com\/index.php?rest_route=\/wp\/v2\/pages\/91\/revisions"}],"predecessor-version":[{"id":1766,"href":"https:\/\/saoribienesraices.com\/index.php?rest_route=\/wp\/v2\/pages\/91\/revisions\/1766"}],"wp:attachment":[{"href":"https:\/\/saoribienesraices.com\/index.php?rest_route=%2Fwp%2Fv2%2Fmedia&parent=91"}],"curies":[{"name":"wp","href":"https:\/\/api.w.org\/{rel}","templated":true}]}}